{"id":2228,"date":"2024-02-27T00:31:03","date_gmt":"2024-02-26T23:31:03","guid":{"rendered":"https:\/\/sendoplant.com\/staging\/pruebas\/politica-de-cookies\/"},"modified":"2026-02-02T18:18:57","modified_gmt":"2026-02-02T17:18:57","slug":"politica-de-cookies","status":"publish","type":"page","link":"https:\/\/sendoplant.com\/ca\/politica-de-cookies\/","title":{"rendered":"Pol\u00edtica de cookies"},"content":{"rendered":"\t\t<div data-elementor-type=\"wp-page\" data-elementor-id=\"2228\" class=\"elementor elementor-2228 elementor-1503\" data-elementor-post-type=\"page\">\n\t\t\t\t<div class=\"elementor-element elementor-element-5b05a34 e-flex e-con-boxed e-con e-parent\" data-id=\"5b05a34\" data-element_type=\"container\" data-settings=\"{&quot;background_background&quot;:&quot;classic&quot;,&quot;jet_parallax_layout_list&quot;:[]}\">\n\t\t\t\t\t<div class=\"e-con-inner\">\n\t\t<div class=\"elementor-element elementor-element-c9d8f02 e-flex e-con-boxed e-con e-child\" data-id=\"c9d8f02\" data-element_type=\"container\" data-settings=\"{&quot;jet_parallax_layout_list&quot;:[]}\">\n\t\t\t\t\t<div class=\"e-con-inner\">\n\t\t\t\t<div class=\"elementor-element elementor-element-7f6c71d elementor-widget elementor-widget-jet-headline\" data-id=\"7f6c71d\" data-element_type=\"widget\" data-widget_type=\"jet-headline.default\">\n\t\t\t\t<div class=\"elementor-widget-container\">\n\t\t\t\t\t<h2 class=\"jet-headline jet-headline--direction-horizontal\"><span class=\"jet-headline__part jet-headline__first\"><span class=\"jet-headline__label\">Pol\u00edtica de<\/span><\/span><span class=\"jet-headline__space\">&nbsp;<\/span><span class=\"jet-headline__part jet-headline__second\"><span class=\"jet-headline__label\">Cookies<\/span><\/span><\/h2>\t\t\t\t<\/div>\n\t\t\t\t<\/div>\n\t\t\t\t<div class=\"elementor-element elementor-element-229c0b2 elementor-widget-divider--view-line elementor-widget elementor-widget-divider\" data-id=\"229c0b2\" data-element_type=\"widget\" data-widget_type=\"divider.default\">\n\t\t\t\t<div class=\"elementor-widget-container\">\n\t\t\t\t\t\t\t<div class=\"elementor-divider\">\n\t\t\t<span class=\"elementor-divider-separator\">\n\t\t\t\t\t\t<\/span>\n\t\t<\/div>\n\t\t\t\t\t\t<\/div>\n\t\t\t\t<\/div>\n\t\t\t\t\t<\/div>\n\t\t\t\t<\/div>\n\t\t\t\t\t<\/div>\n\t\t\t\t<\/div>\n\t\t<div class=\"elementor-element elementor-element-a62ab6f e-flex e-con-boxed e-con e-parent\" data-id=\"a62ab6f\" data-element_type=\"container\" data-settings=\"{&quot;jet_parallax_layout_list&quot;:[]}\">\n\t\t\t\t\t<div class=\"e-con-inner\">\n\t\t\t\t<div class=\"elementor-element elementor-element-f4ef135 elementor-widget elementor-widget-text-editor\" data-id=\"f4ef135\" data-element_type=\"widget\" data-widget_type=\"text-editor.default\">\n\t\t\t\t<div class=\"elementor-widget-container\">\n\t\t\t\t\t\t\t\t\t<div class=\"contiene\"><div class=\"texto_noticias\"><p>Utilitzem Cookies pr\u00f2pies necess\u00e0ries per a la navegaci\u00f3 i el bon funcionament de la nostra p\u00e0gina web i Cookies de tercers per elaborar estad\u00edstiques del tr\u00e0nsit de la mateixa de forma an\u00f2nima (+ Info) Acceptar Cookies<\/p><p>Des de la nostra Web volem explicar-li que s\u00f3n les Cookies, perqu\u00e8 serveixen, la finalitat de les mateixes i com les pot configurar o deshabilitar.<\/p><h2>Qu\u00e8 \u00e9s una Cookie?<\/h2><p>Les Cookies s\u00f3n petits fitxers de dades rebudes pel terminal des del lloc web visitat i s&#8217;utilitzen per registrar certes interaccions de navegaci\u00f3 en un lloc web mitjan\u00e7ant l&#8217;emmagatzematge de dades que pot ser actualitzat i es recupera. Aquests fitxers s&#8217;emmagatzemen a l&#8217;ordinador de l&#8217;usuari i contenen dades an\u00f2nimes que no s\u00f3n perjudicials per al sistema. S&#8217;utilitzen per recordar les prefer\u00e8ncies de l&#8217;usuari, com ara l&#8217;idioma seleccionat, les dades d&#8217;acc\u00e9s o la p\u00e0gina de personalitzaci\u00f3.<\/p><p>Les Cookies s\u00f3n segures ja que nom\u00e9s poden emmagatzemar la informaci\u00f3 que va posar al seu lloc pel navegador, la qual cosa \u00e9s informaci\u00f3 que l&#8217;usuari ha introdu\u00eft al navegador o la que s&#8217;inclou a la sol\u00b7licitud de p\u00e0gina. No podeu executar codi i no es poden utilitzar per accedir al vostre ordinador.<\/p><p> <\/p><h2>Tipus de galetes<\/h2><p> <\/p><h2>En funci\u00f3 de Qui les gestioni:<\/h2><p>Cookies pr\u00f2pies: s\u00f3n les enviades i gestionades per un equip o domini del mateix editor de la web que s&#8217;est\u00e0 visitant.<\/p><p>Galetes de tercers: s\u00f3n les enviades i gestionades per un tercer que no \u00e9s el mateix editor de la web, quan procedeixen d&#8217;un altre servidor. Com per exemple, les utilitzades per xarxes socials, o per contingut extern com Google Maps.<\/p><h2>En funci\u00f3 de la finalitat per a la qual es tractin les dades obtingudes de les mateixes.<\/h2><p>Galetes t\u00e8cniques: permeten a l&#8217;usuari la navegaci\u00f3 a trav\u00e9s d&#8217;una p\u00e0gina web i la utilitzaci\u00f3 de les diferents opcions o serveis que hi hagi com, per exemple, controlar el tr\u00e0nsit, identificar la sessi\u00f3 de l&#8217;usuari, accedir a parts d&#8217;acc\u00e9s restringit, recordar els elements que integren una comanda, fer la sol\u00b7licitud d&#8217;inscripci\u00f3 o participaci\u00f3 en un esdeveniment, utilitzar elements de seguretat durant la navegaci\u00f3, emmagatzemar continguts per a la difusi\u00f3 de v\u00eddeos o so o compartir continguts a trav\u00e9s de xarxes socials.<\/p><p> <\/p><p>Galetes de personalitzaci\u00f3: S\u00f3n aquelles que us permeten accedir al servei amb unes caracter\u00edstiques predefinides en funci\u00f3 d&#8217;una s\u00e8rie de criteris, com ara l&#8217;idioma, el tipus de navegador a trav\u00e9s del qual s&#8217;accedeix al servei, la configuraci\u00f3 regional des d&#8217;on s&#8217;accedeix al servei, etc.<\/p><p> <\/p><p>Cookies d&#8217;an\u00e0lisi: S\u00f3n aquelles que ens permeten quantificar el nombre d&#8217;usuaris i aix\u00ed realitzar el mesurament i l&#8217;an\u00e0lisi estad\u00edstica de la utilitzaci\u00f3 que fan els usuaris dels serveis prestats i sobre la base tamb\u00e9 aplicar millores de disseny i velocitat.<\/p><p> <\/p><p>Cookies de publicitat comportamental: s\u00f3n aquelles que emmagatzemen informaci\u00f3 del comportament dels usuaris obtinguda a trav\u00e9s de l&#8217;observaci\u00f3 continuada dels seus h\u00e0bits de navegaci\u00f3, cosa que permet desenvolupar un perfil espec\u00edfic per mostrar publicitat en funci\u00f3 del mateix.<\/p><h2>En funci\u00f3 de la caducitat:<\/h2><p>Galetes de sessi\u00f3: s\u00f3n galetes temporals que romanen al fitxer de galetes del navegador fins que s&#8217;abandona la p\u00e0gina web. Se sol emprar per analitzar pautes de tr\u00e0nsit a la web. A la llarga, aix\u00f2 permet proporcionar una millor experi\u00e8ncia per millorar-ne el contingut i facilitar-ne l&#8217;\u00fas.<\/p><p>Cookies permanents: s\u00f3n emmagatzemades al terminal i la p\u00e0gina web les llegeix cada vegada que es realitza una nova visita. Tot i el seu nom, una Cookie permanent t\u00e9 una data d&#8217;expiraci\u00f3 determinada. La Cookie deixar\u00e0 de funcionar despr\u00e9s d&#8217;aquesta data que pot anar d&#8217;uns quants minuts a uns quants anys. S&#8217;utilitzen generalment per facilitar els diferents serveis que ofereixen les p\u00e0gines web.<\/p><h2>Cookies Utilitzades:<\/h2><p>Aquest portal web utilitza galetes que s\u00f3n estrictament indispensables per poder utilitzar el nostre lloc web i navegar lliurement, utilitzar les \u00e0rees de seguretat, opcions personalitzades, etc. No es recullen dades personals llevat que es vulgui registrar, de forma volunt\u00e0ria per tal de realitzar compres dels productes i serveis que posem a la vostra disposici\u00f3 o de rebre informaci\u00f3 sobre promocions i continguts del vostre inter\u00e8s previ consentiment.<\/p><p>No se cedeixen dades a tercers, no obstant el nostre portal Web pot contenir enlla\u00e7os a llocs web de tercers, les pol\u00edtiques de privadesa dels quals s\u00f3n alienes a nosaltres. En accedir a aquests llocs web vost\u00e8 pot decidir si accepta les seves pol\u00edtiques de privadesa i de Cookies.<\/p><p>Tamb\u00e9 poden contenir enlla\u00e7os a Xarxes Socials (com Facebook o Twitter). El nostre Portal Web no t\u00e9 control sobre les galetes utilitzades per aquests llocs web externs. Per a m\u00e9s detalls sobre les galetes de xarxes socials o les de llocs web no relacionats, us recomanem que reviseu les vostres pr\u00f2pies pol\u00edtiques de cookies.<\/p><p> <\/p><h2>Cookies utilitzades de tercers:<\/h2><p>_ga, __utma, __utmb, __utmc, __utmz, __utmv: galetes associades a Google Analytics.<\/p><p>Permeten distingir els diferents usuaris de la web. Caduquen als dos anys.<\/p><h2>Configurar o deshabilitar cookies:<\/h2><p>Tots els navegadors d&#8217;Internet permeten limitar el comportament d&#8217;una galeta o desactivar les galetes dins de la configuraci\u00f3 o opcions del navegador. Els passos per fer-ho s\u00f3n diferents per a cada navegador, podent trobar instruccions al men\u00fa d&#8217;ajuda del vostre navegador. En els seg\u00fcents enlla\u00e7os teniu a la vostra disposici\u00f3 tota la informaci\u00f3 per configurar o desactivar les galetes a cada navegador:<\/p><p> <\/p><p><a class=\"link_2021\" href=\"http:\/\/support.google.com\/chrome\/bin\/answer.py?hl=ca&amp;answer=95647\" target=\"_blank\" rel=\"noopener\">Chrome<\/a><\/p><p><a class=\"link_2021\" href=\"https:\/\/support.mozilla.org\/ca\/kb\/activa-i-desactiva-les-galetes-que-les-pagines-web\" target=\"_blank\" rel=\"noopener\">Firefox<\/a><\/p><p><a class=\"link_2021\" href=\"https:\/\/privacy.microsoft.com\/es-es\/windows-10-microsoft-edge-and-privacy\" target=\"_blank\" rel=\"noopener\">Edge<\/a><\/p><p><a class=\"link_2021\" href=\"https:\/\/support.apple.com\/kb\/PH21411?locale=es_ES&amp;viewlocale=es_ES\" target=\"_blank\" rel=\"noopener\">Safari<\/a><\/p><\/div><\/div><div class=\"contenido_pie\"><div class=\"pie_izq\"> <\/div><\/div>\t\t\t\t\t\t\t\t<\/div>\n\t\t\t\t<\/div>\n\t\t\t\t\t<\/div>\n\t\t\t\t<\/div>\n\t\t\t\t<\/div>\n\t\t","protected":false},"excerpt":{"rendered":"<p>Pol\u00edtica de&nbsp;Cookies Utilitzem Cookies pr\u00f2pies necess\u00e0ries per a la navegaci\u00f3 i el bon funcionament de la nostra p\u00e0gina web i Cookies de tercers per elaborar estad\u00edstiques del tr\u00e0nsit de la mateixa de forma an\u00f2nima (+ Info) Acceptar Cookies Des de la nostra Web volem explicar-li que s\u00f3n les Cookies, perqu\u00e8 serveixen, la finalitat de les [&hellip;]<\/p>\n","protected":false},"author":1,"featured_media":0,"parent":0,"menu_order":0,"comment_status":"closed","ping_status":"closed","template":"","meta":{"footnotes":""},"class_list":["post-2228","page","type-page","status-publish","hentry"],"_links":{"self":[{"href":"https:\/\/sendoplant.com\/ca\/wp-json\/wp\/v2\/pages\/2228","targetHints":{"allow":["GET"]}}],"collection":[{"href":"https:\/\/sendoplant.com\/ca\/wp-json\/wp\/v2\/pages"}],"about":[{"href":"https:\/\/sendoplant.com\/ca\/wp-json\/wp\/v2\/types\/page"}],"author":[{"embeddable":true,"href":"https:\/\/sendoplant.com\/ca\/wp-json\/wp\/v2\/users\/1"}],"replies":[{"embeddable":true,"href":"https:\/\/sendoplant.com\/ca\/wp-json\/wp\/v2\/comments?post=2228"}],"version-history":[{"count":2,"href":"https:\/\/sendoplant.com\/ca\/wp-json\/wp\/v2\/pages\/2228\/revisions"}],"predecessor-version":[{"id":8514,"href":"https:\/\/sendoplant.com\/ca\/wp-json\/wp\/v2\/pages\/2228\/revisions\/8514"}],"wp:attachment":[{"href":"https:\/\/sendoplant.com\/ca\/wp-json\/wp\/v2\/media?parent=2228"}],"curies":[{"name":"wp","href":"https:\/\/api.w.org\/{rel}","templated":true}]}}