{"id":2233,"date":"2024-02-27T00:36:44","date_gmt":"2024-02-26T23:36:44","guid":{"rendered":"https:\/\/sendoplant.com\/staging\/pruebas\/politica-de-privadesa-xarxes-socials\/"},"modified":"2026-02-02T18:25:35","modified_gmt":"2026-02-02T17:25:35","slug":"politica-de-privadesa-xarxes-socials","status":"publish","type":"page","link":"https:\/\/sendoplant.com\/ca\/politica-de-privadesa-xarxes-socials\/","title":{"rendered":"Pol\u00edtica de privadesa Xarxes Socials"},"content":{"rendered":"\t\t<div data-elementor-type=\"wp-page\" data-elementor-id=\"2233\" class=\"elementor elementor-2233 elementor-1505\" data-elementor-post-type=\"page\">\n\t\t\t\t<div class=\"elementor-element elementor-element-304faac e-flex e-con-boxed e-con e-parent\" data-id=\"304faac\" data-element_type=\"container\" data-settings=\"{&quot;background_background&quot;:&quot;classic&quot;,&quot;jet_parallax_layout_list&quot;:[]}\">\n\t\t\t\t\t<div class=\"e-con-inner\">\n\t\t<div class=\"elementor-element elementor-element-ca2b29a e-flex e-con-boxed e-con e-child\" data-id=\"ca2b29a\" data-element_type=\"container\" data-settings=\"{&quot;jet_parallax_layout_list&quot;:[]}\">\n\t\t\t\t\t<div class=\"e-con-inner\">\n\t\t\t\t<div class=\"elementor-element elementor-element-f9a7f40 elementor-widget elementor-widget-jet-headline\" data-id=\"f9a7f40\" data-element_type=\"widget\" data-widget_type=\"jet-headline.default\">\n\t\t\t\t<div class=\"elementor-widget-container\">\n\t\t\t\t\t<h2 class=\"jet-headline jet-headline--direction-horizontal\"><span class=\"jet-headline__part jet-headline__first\"><span class=\"jet-headline__label\">P\u00f2litica de<\/span><\/span><span class=\"jet-headline__space\">&nbsp;<\/span><span class=\"jet-headline__part jet-headline__second\"><span class=\"jet-headline__label\">Privadesa<\/span><\/span><\/h2>\t\t\t\t<\/div>\n\t\t\t\t<\/div>\n\t\t\t\t<div class=\"elementor-element elementor-element-59c15ad elementor-widget-divider--view-line elementor-widget elementor-widget-divider\" data-id=\"59c15ad\" data-element_type=\"widget\" data-widget_type=\"divider.default\">\n\t\t\t\t<div class=\"elementor-widget-container\">\n\t\t\t\t\t\t\t<div class=\"elementor-divider\">\n\t\t\t<span class=\"elementor-divider-separator\">\n\t\t\t\t\t\t<\/span>\n\t\t<\/div>\n\t\t\t\t\t\t<\/div>\n\t\t\t\t<\/div>\n\t\t\t\t\t<\/div>\n\t\t\t\t<\/div>\n\t\t\t\t\t<\/div>\n\t\t\t\t<\/div>\n\t\t<div class=\"elementor-element elementor-element-1c58da7 e-flex e-con-boxed e-con e-parent\" data-id=\"1c58da7\" data-element_type=\"container\" data-settings=\"{&quot;jet_parallax_layout_list&quot;:[]}\">\n\t\t\t\t\t<div class=\"e-con-inner\">\n\t\t\t\t<div class=\"elementor-element elementor-element-98a353f elementor-widget elementor-widget-text-editor\" data-id=\"98a353f\" data-element_type=\"widget\" data-widget_type=\"text-editor.default\">\n\t\t\t\t<div class=\"elementor-widget-container\">\n\t\t\t\t\t\t\t\t\t<p>De conformitat amb el que estableix la normativa vigent i aplicable de protecci\u00f3 de dades de car\u00e0cter personal i la Llei 34\/2002, d&#8217;11 de juliol, de Serveis de la Societat de la Informaci\u00f3 i de Comer\u00e7 Electr\u00f2nic (LSSI-CE), SENT PLANT , SL informa els usuaris, que ha procedit a crear un perfil a les Xarxes Socials Facebook, Twitter, Instagram i YouTube amb la finalitat principal de publicitar els seus productes i serveis.<\/p><p>Dades de SENDO PLANT, SL:<\/p><p>\u25cf <strong>NIF<\/strong> : B63359343<\/p><p>\u25cf <strong>ADRE\u00c7A<\/strong> : Calle de la Cierva, 10-12 08184 Palau Solita i Plegamans Barcelona<\/p><p>\u25cf <strong>CORREU ELECTR\u00d2NIC<\/strong> : info@sendoplant.com<\/p><p>\u25cf <strong>DOMINI WEB<\/strong> : www.sendoplant.com<\/p><p>L&#8217;usuari disposa d&#8217;un perfil a la mateixa Xarxa Social i ha decidit unir-se a la p\u00e0gina creada per SENDO PLANT, SL, mostrant aix\u00ed inter\u00e8s en la informaci\u00f3 que es publiciti a la Xarxa. En unir-se a la nostra p\u00e0gina, ens facilita el consentiment per al tractament d&#8217;aquelles dades personals publicades al seu perfil.<\/p><p>L&#8217;usuari pot accedir en tot moment a les pol\u00edtiques de privadesa de la pr\u00f2pia Xarxa Social, aix\u00ed com configurar el seu perfil per garantir-ne la privadesa.<\/p><p>SENDO PLANT, SL t\u00e9 acc\u00e9s i tracta aquella informaci\u00f3 p\u00fablica de l&#8217;usuari, especialment el seu nom de contacte. Aquestes dades nom\u00e9s s\u00f3n utilitzades dins de la pr\u00f2pia Xarxa Social. No s\u00f3n incorporats a cap sistema de tractament.<\/p><p><strong>Drets dels interessats<\/strong><\/p><p>En relaci\u00f3 amb els drets d&#8217;acc\u00e9s, rectificaci\u00f3, limitaci\u00f3 de tractament, supressi\u00f3, portabilitat i oposici\u00f3 al tractament de les vostres dades de car\u00e0cter personal, de qu\u00e8 disposeu i que poden ser exercitats davant SENDO PLANT, SL, d&#8217;acord amb el RGPD, ha de tenir en compte els matisos seg\u00fcents:<\/p><p>\u25cf <strong>Dret d&#8217;acc\u00e9s<\/strong> : \u00c9s el dret de l&#8217;usuari a obtenir informaci\u00f3 sobre les vostres dades concretes de car\u00e0cter personal i del tractament que s&#8217;hagi realitzat o realitzi, aix\u00ed com de la informaci\u00f3 disponible sobre l&#8217;origen d&#8217;aquestes dades i les comunicacions realitzades o previstes mateixos.<\/p><p>\u25cf <strong>Dret de Rectificaci\u00f3<\/strong> : \u00c9s el dret de l&#8217;afectat al fet que es modifiquin les dades que resultin ser inexactes o incomplets. Nom\u00e9s es podr\u00e0 satisfer en relaci\u00f3 amb aquella informaci\u00f3 que estigui sota el control de SENDO PLANT, SL, per exemple, eliminar comentaris publicats a la pr\u00f2pia p\u00e0gina, imatges o continguts web on constin dades de car\u00e0cter personal de l&#8217;usuari.<\/p><p>\u25cf <strong>Dret a la Limitaci\u00f3 de tractament<\/strong> : \u00c9s el dret que es limitin els fins del tractament previstos de forma original pel responsable del tractament.<\/p><p>\u25cf <strong>Dret de Supressi\u00f3<\/strong> : \u00c9s el dret a suprimir les dades de car\u00e0cter personal de l&#8217;usuari, a excepci\u00f3 del previst al mateix RGPD o en altres normatives aplicables que determinin l&#8217;obligatorietat de la seva conservaci\u00f3, en temps i forma.<\/p><p>\u25cf <strong>Dret de portabilitat<\/strong> : El dret a rebre les dades personals que l&#8217;usuari hagi facilitat, en un format estructurat, d&#8217;\u00fas com\u00fa i lectura mec\u00e0nica, ia transmetre&#8217;ls a un altre responsable.<\/p><p>\u25cf <strong>Dret d&#8217;oposici\u00f3<\/strong> : \u00c9s el dret de l&#8217;usuari a qu\u00e8 no es dugui a terme el tractament de les seves dades de car\u00e0cter personal o se&#8217;n cessi el tractament per part de SENDO PLANT, SL<\/p><p>SENDO PLANT, SL realitzar\u00e0 les actuacions seg\u00fcents:<\/p><p>\u25cf Acc\u00e9s a la informaci\u00f3 p\u00fablica del perfil.<\/p><p>\u25cf Publicaci\u00f3 al perfil de l&#8217;usuari de tota aquella informaci\u00f3 ja publicada a la p\u00e0gina de SENDO PLANT, SL<\/p><p>\u25cf Enviar missatges personals i individuals a trav\u00e9s dels canals de la Xarxa Social.<\/p><p>\u25cf Actualitzacions de l&#8217;estat de la p\u00e0gina que es publicaran al perfil de l&#8217;usuari.<\/p><p>L&#8217;usuari sempre pot controlar les connexions, eliminar els continguts que deixin d&#8217;interessar-li i restringir amb qui comparteix les connexions, per a aix\u00f2 haur\u00e0 d&#8217;accedir a la seva configuraci\u00f3 de privadesa.<\/p><p><strong>Publicacions<\/strong><\/p><p>L&#8217;usuari, un cop unit a la p\u00e0gina de SENDO PLANT, SL, podr\u00e0 publicar en aquesta darrera comentaris, enlla\u00e7os, imatges o fotografies o qualsevol altre tipus de contingut multim\u00e8dia suportat per la Xarxa Social. L&#8217;usuari, en tots els casos, n&#8217;ha de ser el titular, gaudir dels drets d&#8217;autor i de propietat intel\u00b7lectual o comptar amb el consentiment dels tercers afectats. Es prohibeix expressament qualsevol publicaci\u00f3 a la p\u00e0gina, ja siguin textos, gr\u00e0fics, fotografies, v\u00eddeos, etc. que atemptin o siguin susceptibles d&#8217;atemptar contra la moral, l&#8217;\u00e8tica, el bon gust o el dec\u00f2rum, i\/o que infringeixin, violin o trenquin els drets de propietat intel\u00b7lectual o industrial, el dret a la imatge o la Llei. En aquests casos, SENDO PLANT, SL es reserva el dret de retirar immediatament el contingut, podent sol\u00b7licitar el bloqueig permanent de l&#8217;usuari.<\/p><p>SENDO PLANT, SL no es far\u00e0 responsable dels continguts que lliurement ha publicat un usuari.<\/p><p>L&#8217;usuari ha de tenir present que les seves publicacions seran conegudes pels altres usuaris, per la qual cosa ell mateix \u00e9s el principal responsable de la seva privadesa.<\/p><p>Les imatges que puguin publicar-se a la p\u00e0gina no seran emmagatzemades en cap sistema de tractament per part de SENDO PLANT, SL, per\u00f2 s\u00ed que romandran a la Xarxa Social.<\/p><p><strong>Concursos i promocions<\/strong><\/p><p>SENDO PLANT, SL es reserva el dret a realitzar concursos i promocions, en qu\u00e8 podr\u00e0 participar l&#8217;usuari unit a la seva p\u00e0gina. Les bases de cadascun, quan s&#8217;utilitzi la plataforma de la Xarxa Social, seran publicades en aquesta. Complint sempre amb la LSSI-CE i amb qualsevol altra norma que li sigui aplicable.<\/p><p>La Xarxa Social no patrocina, avala ni administra, de cap manera, cap de les nostres promocions, ni est\u00e0 associada a cap.<\/p><p><strong>Publicitat<\/strong><\/p><p>SENDO PLANT, SL utilitzar\u00e0 la Xarxa Social per publicitar els seus productes i serveis, en tot cas, si decideix tractar les dades de contacte per realitzar accions directes de prospecci\u00f3 comercial, ser\u00e0 sempre, complint amb les exig\u00e8ncies legals del RGPD i de la LSSI-CE .<\/p><p>No es considerar\u00e0 publicitat el fet de recomanar a altres usuaris la p\u00e0gina de SENDO PLANT, SL perqu\u00e8 tamb\u00e9 puguin gaudir de les promocions o estar informats de la seva activitat.<\/p><p>A continuaci\u00f3 detallem l&#8217;enlla\u00e7 a la pol\u00edtica de privadesa de la Xarxa Social:<\/p><p class=\"volver\">\u25cf <strong>Facebook<\/strong> : <a href=\"https:\/\/es-es.facebook.com\/privacy\/explanation\" target=\"_blank\" rel=\"noopener\">https:\/\/es-es.facebook.com\/privacy\/explanation<\/a><\/p><p class=\"volver\">\u25cf <strong>Twitter<\/strong> : <a href=\"https:\/\/twitter.com\/privacy\" target=\"_blank\" rel=\"noopener\">https:\/\/twitter.com\/privacy<\/a><\/p><p class=\"volver\">\u25cf <strong>Instagram<\/strong> : <a href=\"http:\/\/instagram.com\/about\/legal\/privacy\/\" target=\"_blank\" rel=\"noopener\">http:\/\/instagram.com\/about\/legal\/privacy\/<\/a><\/p><p class=\"volver\">\u25cf <strong>YouTube<\/strong> : <a href=\"https:\/\/www.youtube.com\/intl\/es\/about\/policies\/#community-guidelines\" target=\"_blank\" rel=\"noopener\">https:\/\/www.youtube.com\/intl\/es\/about\/policies\/#community-guidelines<\/a><\/p>\t\t\t\t\t\t\t\t<\/div>\n\t\t\t\t<\/div>\n\t\t\t\t\t<\/div>\n\t\t\t\t<\/div>\n\t\t\t\t<\/div>\n\t\t","protected":false},"excerpt":{"rendered":"<p>P\u00f2litica de&nbsp;Privadesa De conformitat amb el que estableix la normativa vigent i aplicable de protecci\u00f3 de dades de car\u00e0cter personal i la Llei 34\/2002, d&#8217;11 de juliol, de Serveis de la Societat de la Informaci\u00f3 i de Comer\u00e7 Electr\u00f2nic (LSSI-CE), SENT PLANT , SL informa els usuaris, que ha procedit a crear un perfil a [&hellip;]<\/p>\n","protected":false},"author":1,"featured_media":0,"parent":0,"menu_order":0,"comment_status":"closed","ping_status":"closed","template":"","meta":{"footnotes":""},"class_list":["post-2233","page","type-page","status-publish","hentry"],"_links":{"self":[{"href":"https:\/\/sendoplant.com\/ca\/wp-json\/wp\/v2\/pages\/2233","targetHints":{"allow":["GET"]}}],"collection":[{"href":"https:\/\/sendoplant.com\/ca\/wp-json\/wp\/v2\/pages"}],"about":[{"href":"https:\/\/sendoplant.com\/ca\/wp-json\/wp\/v2\/types\/page"}],"author":[{"embeddable":true,"href":"https:\/\/sendoplant.com\/ca\/wp-json\/wp\/v2\/users\/1"}],"replies":[{"embeddable":true,"href":"https:\/\/sendoplant.com\/ca\/wp-json\/wp\/v2\/comments?post=2233"}],"version-history":[{"count":1,"href":"https:\/\/sendoplant.com\/ca\/wp-json\/wp\/v2\/pages\/2233\/revisions"}],"predecessor-version":[{"id":8516,"href":"https:\/\/sendoplant.com\/ca\/wp-json\/wp\/v2\/pages\/2233\/revisions\/8516"}],"wp:attachment":[{"href":"https:\/\/sendoplant.com\/ca\/wp-json\/wp\/v2\/media?parent=2233"}],"curies":[{"name":"wp","href":"https:\/\/api.w.org\/{rel}","templated":true}]}}