{"id":2254,"date":"2024-02-27T00:29:43","date_gmt":"2024-02-26T23:29:43","guid":{"rendered":"https:\/\/sendoplant.com\/staging\/pruebas\/proteccio-de-dades\/"},"modified":"2026-02-02T18:26:25","modified_gmt":"2026-02-02T17:26:25","slug":"proteccio-de-dades","status":"publish","type":"page","link":"https:\/\/sendoplant.com\/ca\/proteccio-de-dades\/","title":{"rendered":"Protecci\u00f3 de dades"},"content":{"rendered":"\t\t<div data-elementor-type=\"wp-page\" data-elementor-id=\"2254\" class=\"elementor elementor-2254 elementor-1502\" data-elementor-post-type=\"page\">\n\t\t\t\t<div class=\"elementor-element elementor-element-fb65154 e-flex e-con-boxed e-con e-parent\" data-id=\"fb65154\" data-element_type=\"container\" data-settings=\"{&quot;background_background&quot;:&quot;classic&quot;,&quot;jet_parallax_layout_list&quot;:[]}\">\n\t\t\t\t\t<div class=\"e-con-inner\">\n\t\t<div class=\"elementor-element elementor-element-a459945 e-flex e-con-boxed e-con e-child\" data-id=\"a459945\" data-element_type=\"container\" data-settings=\"{&quot;jet_parallax_layout_list&quot;:[]}\">\n\t\t\t\t\t<div class=\"e-con-inner\">\n\t\t\t\t<div class=\"elementor-element elementor-element-6db6a66 elementor-widget elementor-widget-jet-headline\" data-id=\"6db6a66\" data-element_type=\"widget\" data-widget_type=\"jet-headline.default\">\n\t\t\t\t<div class=\"elementor-widget-container\">\n\t\t\t\t\t<h2 class=\"jet-headline jet-headline--direction-horizontal\"><span class=\"jet-headline__part jet-headline__first\"><span class=\"jet-headline__label\">Protecci\u00f3 de<\/span><\/span><span class=\"jet-headline__space\">&nbsp;<\/span><span class=\"jet-headline__part jet-headline__second\"><span class=\"jet-headline__label\">Dades<\/span><\/span><\/h2>\t\t\t\t<\/div>\n\t\t\t\t<\/div>\n\t\t\t\t<div class=\"elementor-element elementor-element-91f598b elementor-widget-divider--view-line elementor-widget elementor-widget-divider\" data-id=\"91f598b\" data-element_type=\"widget\" data-widget_type=\"divider.default\">\n\t\t\t\t<div class=\"elementor-widget-container\">\n\t\t\t\t\t\t\t<div class=\"elementor-divider\">\n\t\t\t<span class=\"elementor-divider-separator\">\n\t\t\t\t\t\t<\/span>\n\t\t<\/div>\n\t\t\t\t\t\t<\/div>\n\t\t\t\t<\/div>\n\t\t\t\t\t<\/div>\n\t\t\t\t<\/div>\n\t\t\t\t\t<\/div>\n\t\t\t\t<\/div>\n\t\t<div class=\"elementor-element elementor-element-a3bd516 e-flex e-con-boxed e-con e-parent\" data-id=\"a3bd516\" data-element_type=\"container\" data-settings=\"{&quot;jet_parallax_layout_list&quot;:[]}\">\n\t\t\t\t\t<div class=\"e-con-inner\">\n\t\t\t\t<div class=\"elementor-element elementor-element-f21a6d0 elementor-widget elementor-widget-text-editor\" data-id=\"f21a6d0\" data-element_type=\"widget\" data-widget_type=\"text-editor.default\">\n\t\t\t\t<div class=\"elementor-widget-container\">\n\t\t\t\t\t\t\t\t\t<p>Abans de facilitar les vostres dades personals i si \u00e9s necessari prestar el vostre consentiment per al vostre tractament, us recomanem que llegiu i entengueu aquesta pol\u00edtica de privadesa.<\/p>\n<p>A continuaci\u00f3 es facilita informaci\u00f3 sobre determinats tractaments de dades personals que realitza SENDO PLANT, SL de conformitat amb el que preveu el Reglament (UE) 679\/2016, relatiu a la protecci\u00f3 de les persones f\u00edsiques pel que fa al tractament de dades personals ja la lliure circulaci\u00f3 d&#8217;aquestes dades (RGPD) i la Llei org\u00e0nica 3\/2018, de protecci\u00f3 de dades i garantia dels drets digitals (LOPDGDD)<\/p>\n<p>S&#8217;informa als usuaris que les dades seran tractades confidencialment tractant-se amb les finalitats que s&#8217;indiquen en cada cas.<\/p>\n<p>En accedir als diferents formularis de la web, vost\u00e8 haur\u00e0 d&#8217;emplenar obligat\u00f2riament els camps que se sol\u00b7liciten, essent requisit necessari perqu\u00e8 en cada cas puguem tramitar la sol\u00b7licitud o prestar el servei que sol\u00b7liciteu.<\/p>\n<p>Aix\u00ed mateix, pr\u00e8viament al registre i enviament del formulari amb les vostres dades personals, caldr\u00e0 que marqueu preceptivament la casella prevista a aquest efecte, significant tal acci\u00f3 que heu llegit, compr\u00e8s la informaci\u00f3 sobre dades personals i que presta el vostre consentiment per al tractament de les vostres dades quan aix\u00f2 sigui preceptiu.<\/p>\n<p>SENDO PLANT, SL no es fa responsable del compliment de la normativa de protecci\u00f3 de dades de tercers propietaris d&#8217;altres portals a qu\u00e8 es puguin enlla\u00e7ar webs a trav\u00e9s d&#8217;aquest portal o que hagin pogut establir links a aquest, per la qual cosa l&#8217;Usuari \u00e9s el responsable de les dades personals que els pugui proporcionar.<\/p>\n<p><strong>Qui \u00e9s el responsable del tractament de les vostres dades personals?<\/strong><\/p>\n<p>&#8211; <strong>Identitat<\/strong> : SENDO PLANT, SL, CIF: B- 63359343<\/p>\n<p>&#8211; <strong>Adre\u00e7a postal<\/strong> : Calle de la Cierva, 10-12 08184 Palau Solita i Plegamans Barcelona<\/p>\n<p>&#8211; <strong>Tel\u00e8fon<\/strong> : +34 93 8435222<\/p>\n<p>&#8211; <strong>Correu electr\u00f2nic<\/strong> : info@sendoplant.com<\/p>\n<p><strong>Amb quines finalitats tractem les vostres dades personals i per quant de temps es conservaran?<\/strong><\/p>\n<p>Quan envieu el formulari online &#8220;Contacte&#8221;, les dades que podem tractar s\u00f3n el vostre nom, tel\u00e8fon, poblaci\u00f3, prov\u00edncia i correu electr\u00f2nic, per tal de poder atendre la vostra petici\u00f3 d&#8217;informaci\u00f3. Les vostres dades es conservaran fins que s&#8217;hagi realitzat la fi i durant els terminis de prescripci\u00f3 de responsabilitats i reclamacions segons la normativa de protecci\u00f3 de dades.<\/p>\n<p><strong>Quina \u00e9s la legitimaci\u00f3 per al tractament de les vostres dades?<\/strong><\/p>\n<p>La base jur\u00eddica per al tractament dels seus \u00e9s el consentiment que us demanem i ens presta en marcar la casella a aquest efecte.<\/p>\n<p>Teniu dret a retirar el vostre consentiment en qualsevol moment sense que aix\u00f2 afecti la licitud del tractament basat en el consentiment previ a la seva retirada.<\/p>\n<p><strong>Qui s\u00f3n els destinataris del tractament de les vostres dades?<\/strong><\/p>\n<p>Les vostres dades personals es tractaran pel responsable del tractament, no cedint a tercers excepte obligaci\u00f3 legal.<\/p>\n<p><strong>Quins s\u00f3n els vostres drets quan ens facilita les vostres dades?<\/strong><\/p>\n<p>Teniu dret a obtenir confirmaci\u00f3 sobre si es tracten dades personals que el concerneixin, o no i, en aquest cas, dret d&#8217;acc\u00e9s a aquestes dades.<\/p>\n<p>T\u00e9 dret a sol\u00b7licitar la rectificaci\u00f3 de les dades inexactes o, si escau, sol\u00b7licitar-ne la supressi\u00f3 quan, entre altres motius, les dades ja no siguin necess\u00e0ries per als fins que van ser recollides.<\/p>\n<p>En determinades circumst\u00e0ncies i per motius relacionats amb la vostra situaci\u00f3 particular, podreu oposar-vos al tractament de les vostres dades. En determinades circumst\u00e0ncies, podreu sol\u00b7licitar la limitaci\u00f3 del tractament de les vostres dades, en aquest cas \u00fanicament les conservarem per a l&#8217;exercici o la defensa de reclamacions.<\/p>\n<p>Tamb\u00e9 tindr\u00e0 dret a la portabilitat en determinades circumst\u00e0ncies, rebre les dades personals que incumbeixen i que ens hagi facilitat en un format estructurat, d\u00fas com\u00fa i lectura mec\u00e0nica, ja que es transmetin a altres responsables del tractament quan lestat de la t\u00e8cnica ho permeti .<\/p>\n<p>Per a l&#8217;efectiu exercici dels drets indicats, haureu d&#8217;enviar un escrit a aquest efecte dirigit al responsable, a la seg\u00fcent adre\u00e7a:&nbsp;Calle de la Cierva, 10-12&nbsp; 08184 Palau Solita i Plegamans&nbsp; Barcelona o enviant un correu electr\u00f2nic a info@ sendoplant.com<\/p>\n<p>Haureu d&#8217;acompanyar c\u00f2pia del DNI, passaport o altre document que us identifiqui, excepte en el cas que utilitzeu la vostra signatura electr\u00f2nica.<\/p>\n<p>Deixarem de tractar les dades, excepte per motius leg\u00edtims imperiosos, o l&#8217;exercici o la defensa de possibles reclamacions. Aix\u00ed mateix us informem que teniu dret a presentar una reclamaci\u00f3 davant d&#8217;una autoritat de control com ho \u00e9s l&#8217;Ag\u00e8ncia Espanyola de Protecci\u00f3 de Dades, especialment quan no hagi obtingut satisfacci\u00f3 en l&#8217;exercici dels vostres drets, podent contactar-hi a l&#8217;adre\u00e7a c. Jorge Juan, 6, 28002-Madrid.<\/p>\n<p><strong>\u00a9Tots els drets reservats.<\/strong><\/p>\t\t\t\t\t\t\t\t<\/div>\n\t\t\t\t<\/div>\n\t\t\t\t\t<\/div>\n\t\t\t\t<\/div>\n\t\t\t\t<\/div>\n\t\t","protected":false},"excerpt":{"rendered":"<p>Protecci\u00f3 de&nbsp;Dades Abans de facilitar les vostres dades personals i si \u00e9s necessari prestar el vostre consentiment per al vostre tractament, us recomanem que llegiu i entengueu aquesta pol\u00edtica de privadesa. A continuaci\u00f3 es facilita informaci\u00f3 sobre determinats tractaments de dades personals que realitza SENDO PLANT, SL de conformitat amb el que preveu el Reglament [&hellip;]<\/p>\n","protected":false},"author":1,"featured_media":0,"parent":0,"menu_order":0,"comment_status":"closed","ping_status":"closed","template":"","meta":{"footnotes":""},"class_list":["post-2254","page","type-page","status-publish","hentry"],"_links":{"self":[{"href":"https:\/\/sendoplant.com\/ca\/wp-json\/wp\/v2\/pages\/2254","targetHints":{"allow":["GET"]}}],"collection":[{"href":"https:\/\/sendoplant.com\/ca\/wp-json\/wp\/v2\/pages"}],"about":[{"href":"https:\/\/sendoplant.com\/ca\/wp-json\/wp\/v2\/types\/page"}],"author":[{"embeddable":true,"href":"https:\/\/sendoplant.com\/ca\/wp-json\/wp\/v2\/users\/1"}],"replies":[{"embeddable":true,"href":"https:\/\/sendoplant.com\/ca\/wp-json\/wp\/v2\/comments?post=2254"}],"version-history":[{"count":1,"href":"https:\/\/sendoplant.com\/ca\/wp-json\/wp\/v2\/pages\/2254\/revisions"}],"predecessor-version":[{"id":8517,"href":"https:\/\/sendoplant.com\/ca\/wp-json\/wp\/v2\/pages\/2254\/revisions\/8517"}],"wp:attachment":[{"href":"https:\/\/sendoplant.com\/ca\/wp-json\/wp\/v2\/media?parent=2254"}],"curies":[{"name":"wp","href":"https:\/\/api.w.org\/{rel}","templated":true}]}}