{"id":2279,"date":"2024-02-27T00:25:05","date_gmt":"2024-02-26T23:25:05","guid":{"rendered":"https:\/\/sendoplant.com\/staging\/pruebas\/avis-legal\/"},"modified":"2026-02-02T18:16:45","modified_gmt":"2026-02-02T17:16:45","slug":"avis-legal","status":"publish","type":"page","link":"https:\/\/sendoplant.com\/ca\/avis-legal\/","title":{"rendered":"Av\u00eds legal"},"content":{"rendered":"\t\t<div data-elementor-type=\"wp-page\" data-elementor-id=\"2279\" class=\"elementor elementor-2279 elementor-1488\" data-elementor-post-type=\"page\">\n\t\t\t\t<div class=\"elementor-element elementor-element-67ef89f e-flex e-con-boxed e-con e-parent\" data-id=\"67ef89f\" data-element_type=\"container\" data-settings=\"{&quot;background_background&quot;:&quot;classic&quot;,&quot;jet_parallax_layout_list&quot;:[]}\">\n\t\t\t\t\t<div class=\"e-con-inner\">\n\t\t<div class=\"elementor-element elementor-element-d31db0d e-flex e-con-boxed e-con e-child\" data-id=\"d31db0d\" data-element_type=\"container\" data-settings=\"{&quot;jet_parallax_layout_list&quot;:[]}\">\n\t\t\t\t\t<div class=\"e-con-inner\">\n\t\t\t\t<div class=\"elementor-element elementor-element-e55b70a elementor-widget elementor-widget-jet-headline\" data-id=\"e55b70a\" data-element_type=\"widget\" data-widget_type=\"jet-headline.default\">\n\t\t\t\t<div class=\"elementor-widget-container\">\n\t\t\t\t\t<h2 class=\"jet-headline jet-headline--direction-horizontal\"><span class=\"jet-headline__part jet-headline__first\"><span class=\"jet-headline__label\">Av\u00eds<\/span><\/span><span class=\"jet-headline__space\">&nbsp;<\/span><span class=\"jet-headline__part jet-headline__second\"><span class=\"jet-headline__label\">Legal<\/span><\/span><\/h2>\t\t\t\t<\/div>\n\t\t\t\t<\/div>\n\t\t\t\t<div class=\"elementor-element elementor-element-0f25a07 elementor-widget-divider--view-line elementor-widget elementor-widget-divider\" data-id=\"0f25a07\" data-element_type=\"widget\" data-widget_type=\"divider.default\">\n\t\t\t\t<div class=\"elementor-widget-container\">\n\t\t\t\t\t\t\t<div class=\"elementor-divider\">\n\t\t\t<span class=\"elementor-divider-separator\">\n\t\t\t\t\t\t<\/span>\n\t\t<\/div>\n\t\t\t\t\t\t<\/div>\n\t\t\t\t<\/div>\n\t\t\t\t\t<\/div>\n\t\t\t\t<\/div>\n\t\t\t\t\t<\/div>\n\t\t\t\t<\/div>\n\t\t<div class=\"elementor-element elementor-element-92a1e10 e-flex e-con-boxed e-con e-parent\" data-id=\"92a1e10\" data-element_type=\"container\" data-settings=\"{&quot;jet_parallax_layout_list&quot;:[]}\">\n\t\t\t\t\t<div class=\"e-con-inner\">\n\t\t\t\t<div class=\"elementor-element elementor-element-50c298f elementor-widget elementor-widget-text-editor\" data-id=\"50c298f\" data-element_type=\"widget\" data-widget_type=\"text-editor.default\">\n\t\t\t\t<div class=\"elementor-widget-container\">\n\t\t\t\t\t\t\t\t\t<p><strong>INTRODUCCI\u00d3<\/strong><\/p><p>En compliment de la Llei 34\/2002, de 11 de juliol, de Serveis de la Societat de la Informaci\u00f3 i de Comer\u00e7 Electr\u00f2nic (LSSI-CE), SENDO PLANT, SL informa que \u00e9s titular del lloc web. D&#8217;acord amb l&#8217;exig\u00e8ncia de l&#8217;article 10 de la Llei esmentada, SENDO PLANT, SL informa de les dades seg\u00fcents:<\/p><ul class=\"listado_datos_de_propietario\"><li><div class=\"datos_prop_izq\">Ra\u00f3 Social<\/div><div class=\"datos_prop_der\">SENDO PLANT, SL<\/div><\/li><li><div class=\"datos_prop_izq\">NIF<\/div><div class=\"datos_prop_der\">B63359343<\/div><div class=\"clear\">\u00a0<\/div><\/li><li><div class=\"datos_prop_izq\">Direcci\u00f3 Postal<\/div><div class=\"datos_prop_der\">Calle de la Cierva, 10-12 08184 Palau Solita i Plegamans Barcelona<\/div><div class=\"clear\">\u00a0<\/div><\/li><li><div class=\"datos_prop_izq\">Direcci\u00f3 Electr\u00f2nica<\/div><div class=\"datos_prop_der\">info@sendoplant.com<\/div><\/li><li><div class=\"datos_prop_izq\">Tel\u00e8fons<\/div><div class=\"datos_prop_der\">938435222<\/div><\/li><li><div class=\"datos_prop_izq\">Registre Mercantil<\/div><div class=\"datos_prop_der\">Tom 36105, foli 79, full B-277245 i inscripci\u00f3&#8230;<\/div><div class=\"clear\">\u00a0<\/div><\/li><li><div class=\"datos_prop_izq\">Objecte Principal<\/div><div class=\"datos_prop_der\">Serveis de jardineria<\/div><\/li><\/ul><p><strong>USUARI I R\u00c8GIM DE RESPONSABILITATS<\/strong><\/p><p>La navegaci\u00f3, acc\u00e9s i \u00fas pel lloc web de SENDO PLANT, SL confereix la condici\u00f3 d&#8217;usuari, per la qual s&#8217;accepten, des de la navegaci\u00f3 pel lloc web de SENDO PLANT, SL, totes les condicions d&#8217;\u00fas establertes aqu\u00ed sense perjudici de l&#8217;aplicaci\u00f3 de la corresponent normativa de compliment legal obligat segons el cas.<\/p><p>El lloc web de SENDO PLANT, SL proporciona una gran diversitat d&#8217;informaci\u00f3, serveis i dades. L&#8217;usuari assumeix la responsabilitat en l&#8217;\u00fas correcte del lloc web. Aquesta responsabilitat s&#8217;estendr\u00e0 a:<\/p><p>\u25cf La veracitat i licitud de les informacions aportades per l&#8217;usuari als formularis estesos per SENDO PLANT, SL per a l&#8217;acc\u00e9s a certs continguts o serveis oferts pel web.<\/p><p>\u25cf L&#8217;\u00fas de la informaci\u00f3, serveis i dades ofertes per SENDO PLANT, SL contr\u00e0riament al que disposen aquestes condicions, la Llei, la moral, els bons costums o l&#8217;ordre p\u00fablic, o que de qualsevol altra manera puguin suposar lesi\u00f3 dels drets de tercers o del mateix funcionament del lloc web.<\/p><p><strong>POL\u00cdTICA D&#8217;ENLLA\u00c7OS I EXEMPCIONS DE RESPONSABILITAT<\/strong><\/p><p>SENDO PLANT, SL no es fa responsable del contingut dels llocs web als quals l&#8217;usuari pugui accedir a trav\u00e9s dels enlla\u00e7os establerts al seu lloc web i declara que en cap cas procedir\u00e0 a examinar o exercitar cap tipus de control sobre el contingut de altres llocs de la xarxa. Aix\u00ed mateix, tampoc garantir\u00e0 la disponibilitat t\u00e8cnica, exactitud, veracitat, validesa o legalitat de llocs aliens a la seva propietat a qu\u00e8 es pugui accedir per mitj\u00e0 dels enlla\u00e7os.<\/p><p>SENDO PLANT, SL declara haver adoptat totes les mesures necess\u00e0ries per evitar qualsevol dany als usuaris del seu lloc web, que es puguin derivar de la navegaci\u00f3 pel seu lloc web. En conseq\u00fc\u00e8ncia, SENDO PLANT, SL no es fa responsable, en cap cas, dels danys eventuals que per la navegaci\u00f3 per Internet pogu\u00e9s patir l&#8217;usuari.<\/p><p><strong>MODIFICACIONS<\/strong><\/p><p>SENDO PLANT, SL es reserva el dret a realitzar les modificacions que consideri oportunes, sense av\u00eds previ, al contingut del seu lloc web. Tant pel que fa als continguts del lloc web, com a les condicions d&#8217;\u00fas del mateix, oa les condicions generals de contractaci\u00f3. Aquestes modificacions podran realitzar-se a trav\u00e9s del seu lloc web per qualsevol forma admissible en dret i seran de compliment obligat durant el temps en qu\u00e8 es trobin publicades al web i fins que no siguin modificades v\u00e0lidament per altres de posteriors.<\/p><p><strong>PROPIETAT INTEL\u00b7LECTUAL I INDUSTRIAL<\/strong><\/p><p>SENDO PLANT, SL per si mateixa o com a cession\u00e0ria, \u00e9s titular de tots els drets de propietat intel\u00b7lectual i industrial de la seva p\u00e0gina web, aix\u00ed com dels elements continguts a la mateixa (a t\u00edtol enunciatiu, imatges, so, \u00e0udio, v\u00eddeo, programari o textos, marques o logotips, combinacions de colors, estructura i disseny, selecci\u00f3 de materials usats, programes d&#8217;ordinador necessaris per al seu funcionament, acc\u00e9s i \u00fas, etc.), titularitat de SENDO PLANT, SL Seran, per tant, obres protegides com propietat intel\u00b7lectual per l&#8217;ordenament jur\u00eddic espanyol, i els s\u00f3n aplicables tant la normativa espanyola i comunit\u00e0ria en aquest camp, com els tractats internacionals relatius a la mat\u00e8ria i subscrits per Espanya.<\/p><p>Tots els drets reservats. En virtut del que disposa la Llei de propietat intel\u00b7lectual, queden expressament prohibides la reproducci\u00f3, la distribuci\u00f3 i la comunicaci\u00f3 p\u00fablica, inclosa la seva modalitat de posada a disposici\u00f3, de la totalitat o part dels continguts d&#8217;aquesta p\u00e0gina web, amb fins comercials, en qualsevol suport i per qualsevol mitj\u00e0 t\u00e8cnic, sense l&#8217;autoritzaci\u00f3 de SENDO PLANT, SL<\/p><p>L&#8217;usuari es compromet a respectar els drets de Propietat Intel\u00b7lectual i Industrial titularitat de SENDO PLANT, SL Podreu visualitzar els elements del portal i fins i tot imprimir-los, copiar-los i emmagatzemar-los al disc dur del vostre ordinador o en qualsevol altre suport f\u00edsic sempre que sigui, \u00fanica i exclusivament, per a \u00fas personal i privat. L&#8217;usuari haur\u00e0 d&#8217;abstenir-se de suprimir, alterar, eludir o manipular qualsevol dispositiu de protecci\u00f3 o sistema de seguretat que estigui instal\u00b7lat a les p\u00e0gines de SENDO PLANT, SL<\/p><p><strong>CERTIFICAT SSL (SECURE SOCKETS LAYER)<\/strong><\/p><p>El CERTIFICAT SSL proporciona autenticaci\u00f3, privadesa i seguretat de la informaci\u00f3 entre SENDO PLANT, SL i l&#8217;usuari.<\/p><p>SENDO PLANT, SL disposa d&#8217;un certificat de seguretat que utilitza CERTIFICAT SSL per realitzar connexions segures.<\/p><p>En aquest proc\u00e9s s&#8217;estableixen diversos par\u00e0metres per realitzar la connexi\u00f3 de manera segura i s&#8217;estableix usant claus preestablertes, codificant i descodificant totes les dades enviades fins que la connexi\u00f3 sigui tancada.<\/p><p><strong>ACCIONS LEGALS, LEGISLACI\u00d3 APLICABLE I JURISDICCI\u00d3<\/strong><\/p><p>SENDO PLANT, SL es reserva, aix\u00ed mateix, la facultat de presentar les accions civils o penals que consideri oportunes per la utilitzaci\u00f3 indeguda del lloc web i continguts, o per l&#8217;incompliment de les presents condicions.<\/p><p>La relaci\u00f3 entre l&#8217;usuari i el prestador es regir\u00e0 per la normativa vigent i aplicable al territori espanyol. Si sorgeix qualsevol controv\u00e8rsia les parts poden sotmetre els seus conflictes a arbitratge o acudir a la jurisdicci\u00f3 ordin\u00e0ria complint amb les normes sobre jurisdicci\u00f3 i compet\u00e8ncia sobre aix\u00f2. SENDO PLANT, SL t\u00e9 el domicili a BARCELONA, Espanya.<\/p><p>Els contractes subscrits per via electr\u00f2nica en qu\u00e8 intervingui com a part un consumidor es presumiran subscrits al lloc on aquest tingui la seva resid\u00e8ncia habitual.<\/p><p>Els contractes electr\u00f2nics entre empresaris o professionals, en defecte de pacte entre les parts, es presumiran subscrits al lloc on estigui establert el prestador de serveis.<\/p>\t\t\t\t\t\t\t\t<\/div>\n\t\t\t\t<\/div>\n\t\t\t\t\t<\/div>\n\t\t\t\t<\/div>\n\t\t\t\t<\/div>\n\t\t","protected":false},"excerpt":{"rendered":"<p>Av\u00eds&nbsp;Legal INTRODUCCI\u00d3 En compliment de la Llei 34\/2002, de 11 de juliol, de Serveis de la Societat de la Informaci\u00f3 i de Comer\u00e7 Electr\u00f2nic (LSSI-CE), SENDO PLANT, SL informa que \u00e9s titular del lloc web. D&#8217;acord amb l&#8217;exig\u00e8ncia de l&#8217;article 10 de la Llei esmentada, SENDO PLANT, SL informa de les dades seg\u00fcents: Ra\u00f3 SocialSENDO [&hellip;]<\/p>\n","protected":false},"author":1,"featured_media":0,"parent":0,"menu_order":0,"comment_status":"closed","ping_status":"closed","template":"","meta":{"footnotes":""},"class_list":["post-2279","page","type-page","status-publish","hentry"],"_links":{"self":[{"href":"https:\/\/sendoplant.com\/ca\/wp-json\/wp\/v2\/pages\/2279","targetHints":{"allow":["GET"]}}],"collection":[{"href":"https:\/\/sendoplant.com\/ca\/wp-json\/wp\/v2\/pages"}],"about":[{"href":"https:\/\/sendoplant.com\/ca\/wp-json\/wp\/v2\/types\/page"}],"author":[{"embeddable":true,"href":"https:\/\/sendoplant.com\/ca\/wp-json\/wp\/v2\/users\/1"}],"replies":[{"embeddable":true,"href":"https:\/\/sendoplant.com\/ca\/wp-json\/wp\/v2\/comments?post=2279"}],"version-history":[{"count":1,"href":"https:\/\/sendoplant.com\/ca\/wp-json\/wp\/v2\/pages\/2279\/revisions"}],"predecessor-version":[{"id":8500,"href":"https:\/\/sendoplant.com\/ca\/wp-json\/wp\/v2\/pages\/2279\/revisions\/8500"}],"wp:attachment":[{"href":"https:\/\/sendoplant.com\/ca\/wp-json\/wp\/v2\/media?parent=2279"}],"curies":[{"name":"wp","href":"https:\/\/api.w.org\/{rel}","templated":true}]}}